{"id":45,"date":"2023-11-22T15:28:09","date_gmt":"2023-11-22T14:28:09","guid":{"rendered":"https:\/\/aubadepiscine.fr\/?page_id=45"},"modified":"2025-12-19T08:44:17","modified_gmt":"2025-12-19T07:44:17","slug":"articles-de-presse-piscines-polyester","status":"publish","type":"page","link":"https:\/\/aubadepiscine.fr\/?page_id=45","title":{"rendered":"Presse"},"content":{"rendered":"\n[et_pb_section fb_built=\u00a0\u00bb1&Prime; _builder_version=\u00a0\u00bb4.23.1&Prime; _module_preset=\u00a0\u00bbdefault\u00a0\u00bb custom_margin=\u00a0\u00bb0px||0px||true|false\u00a0\u00bb custom_padding=\u00a0\u00bb0px||0px||true|false\u00a0\u00bb global_colors_info=\u00a0\u00bb{}\u00a0\u00bb][et_pb_row _builder_version=\u00a0\u00bb4.23.1&Prime; _module_preset=\u00a0\u00bbdefault\u00a0\u00bb custom_padding=\u00a0\u00bb60px||60px||true|false\u00a0\u00bb global_colors_info=\u00a0\u00bb{}\u00a0\u00bb][et_pb_column type=\u00a0\u00bb4_4&Prime; _builder_version=\u00a0\u00bb4.23.1&Prime; _module_preset=\u00a0\u00bbdefault\u00a0\u00bb global_colors_info=\u00a0\u00bb{}\u00a0\u00bb][et_pb_text _builder_version=\u00a0\u00bb4.23.2&Prime; _module_preset=\u00a0\u00bbdefault\u00a0\u00bb text_font=\u00a0\u00bbPoppins|500|||||||\u00a0\u00bb text_text_color=\u00a0\u00bb#102A55&Prime; text_font_size=\u00a0\u00bb22px\u00a0\u00bb text_line_height=\u00a0\u00bb1.3em\u00a0\u00bb text_orientation=\u00a0\u00bbcenter\u00a0\u00bb hover_enabled=\u00a0\u00bb0&Prime; global_colors_info=\u00a0\u00bb{}\u00a0\u00bb sticky_enabled=\u00a0\u00bb0&Prime;]<p class=\"p1\"><strong>Articles de presse, Piscines en coque Polyester !<\/strong><\/p>\n<p class=\"p1\">Au fil des ans, de nombreux magazines sp\u00e9cialis\u00e9s dans le domaine de la piscine sont venus faire des <strong>reportages sur nos r\u00e9alisations.<\/strong> Nous vous proposons ici un petit floril\u00e8ge.<\/p>[\/et_pb_text][\/et_pb_column][\/et_pb_row][\/et_pb_section][et_pb_section fb_built=\u00a0\u00bb1&Prime; theme_builder_area=\u00a0\u00bbpost_content\u00a0\u00bb _builder_version=\u00a0\u00bb4.23.2&Prime; _module_preset=\u00a0\u00bbdefault\u00a0\u00bb hover_enabled=\u00a0\u00bb0&Prime; sticky_enabled=\u00a0\u00bb0&Prime; use_background_color_gradient=\u00a0\u00bbon\u00a0\u00bb background_color_gradient_stops=\u00a0\u00bb#2b87da 0%|#102a55 100%\u00a0\u00bb][et_pb_row _builder_version=\u00a0\u00bb4.23.2&Prime; _module_preset=\u00a0\u00bbdefault\u00a0\u00bb theme_builder_area=\u00a0\u00bbpost_content\u00a0\u00bb][et_pb_column _builder_version=\u00a0\u00bb4.23.2&Prime; _module_preset=\u00a0\u00bbdefault\u00a0\u00bb type=\u00a0\u00bb4_4&Prime; theme_builder_area=\u00a0\u00bbpost_content\u00a0\u00bb][et_pb_image src=\u00a0\u00bbhttps:\/\/aubadepiscine.fr\/wp-content\/uploads\/2024\/01\/AUBADE-PISCINES-3-decembre-23-fevrier-24.jpg\u00a0\u00bb _builder_version=\u00a0\u00bb4.23.2&Prime; _module_preset=\u00a0\u00bbdefault\u00a0\u00bb theme_builder_area=\u00a0\u00bbpost_content\u00a0\u00bb alt=\u00a0\u00bbArticle Piscines et SPAS magazine.\u00a0\u00bb title_text=\u00a0\u00bbPiscines et SPAS magazine. decembre 23 fe\u0301vrier 24&Prime; align=\u00a0\u00bbcenter\u00a0\u00bb hover_enabled=\u00a0\u00bb0&Prime; sticky_enabled=\u00a0\u00bb0&Prime;][\/et_pb_image][\/et_pb_column][\/et_pb_row][\/et_pb_section][et_pb_section fb_built=\u00a0\u00bb1&Prime; _builder_version=\u00a0\u00bb4.23.1&Prime; _module_preset=\u00a0\u00bbdefault\u00a0\u00bb background_color=\u00a0\u00bb#102A55&Prime; global_colors_info=\u00a0\u00bb{}\u00a0\u00bb][et_pb_row _builder_version=\u00a0\u00bb4.23.1&Prime; _module_preset=\u00a0\u00bbdefault\u00a0\u00bb global_colors_info=\u00a0\u00bb{}\u00a0\u00bb][et_pb_column type=\u00a0\u00bb4_4&Prime; _builder_version=\u00a0\u00bb4.23.1&Prime; _module_preset=\u00a0\u00bbdefault\u00a0\u00bb global_colors_info=\u00a0\u00bb{}\u00a0\u00bb][dsm_masonry_gallery gallery_ids=\u00a0\u00bb306,670,302,304,305,309,789,303,301&Prime; dsm_sort_images=\u00a0\u00bboff\u00a0\u00bb use_lightbox=\u00a0\u00bbon\u00a0\u00bb use_horizontal_order=\u00a0\u00bboff\u00a0\u00bb use_zoom_on_hover=\u00a0\u00bbon\u00a0\u00bb _builder_version=\u00a0\u00bb4.23.1&Prime; _module_preset=\u00a0\u00bbdefault\u00a0\u00bb global_colors_info=\u00a0\u00bb{}\u00a0\u00bb][\/dsm_masonry_gallery][\/et_pb_column][\/et_pb_row][\/et_pb_section][et_pb_section fb_built=\u00a0\u00bb1&Prime; _builder_version=\u00a0\u00bb4.23.1&Prime; _module_preset=\u00a0\u00bbdefault\u00a0\u00bb background_color=\u00a0\u00bb#102A55&Prime; custom_padding=\u00a0\u00bb4px||3px|||\u00a0\u00bb global_colors_info=\u00a0\u00bb{}\u00a0\u00bb][et_pb_row _builder_version=\u00a0\u00bb4.23.1&Prime; _module_preset=\u00a0\u00bbdefault\u00a0\u00bb global_colors_info=\u00a0\u00bb{}\u00a0\u00bb][et_pb_column type=\u00a0\u00bb4_4&Prime; _builder_version=\u00a0\u00bb4.23.1&Prime; _module_preset=\u00a0\u00bbdefault\u00a0\u00bb global_colors_info=\u00a0\u00bb{}\u00a0\u00bb][et_pb_divider color=\u00a0\u00bb#FFCC00&Prime; _builder_version=\u00a0\u00bb4.23.1&Prime; _module_preset=\u00a0\u00bbdefault\u00a0\u00bb global_colors_info=\u00a0\u00bb{}\u00a0\u00bb][\/et_pb_divider][\/et_pb_column][\/et_pb_row][\/et_pb_section]\n","protected":false},"excerpt":{"rendered":"<p>Articles de presse, Piscines en coque Polyester ! Au fil des ans, de nombreux magazines sp\u00e9cialis\u00e9s dans le domaine de la piscine sont venus faire des reportages sur nos r\u00e9alisations. Nous vous proposons ici un petit floril\u00e8ge.<div class=\"et_pb_module dsm_masonry_gallery dsm_masonry_gallery_0\">\n\t\t\t\t\n\t\t\t\t\n\t\t\t\t\n\t\t\t\t\n\t\t\t\t\n\t\t\t\t\n\t\t\t\t<div class=\"et_pb_module_inner\">\n\t\t\t\t\t<div class=\"dsm-gallery grid dsm_masonry_zoom_hover\" data-lightbox=\"true\" data-horizontalorder=\"false\">\n                <div class=\"grid-sizer\"><\/div><div class=\"gutter-sizer\"><\/div><div class=\"grid-item\">\n                    <a href=\"https:\/\/aubadepiscine.fr\/wp-content\/uploads\/2023\/11\/presse-magazine.jpg\"  data-title='presse magazine'  data-caption='' data-mfp-src=\"https:\/\/aubadepiscine.fr\/wp-content\/uploads\/2023\/11\/presse-magazine.jpg\">\n                        <div class=\"et_pb_image_wrap\">\n                            <img loading=\"lazy\" decoding=\"async\" src=\"https:\/\/aubadepiscine.fr\/wp-content\/uploads\/2023\/11\/presse-magazine.jpg\" title=\"presse magazine\" alt=\"Articles de presse magazine Technique Piscine !\" class=\"dsm-skip-lazyload\" srcset=\"https:\/\/aubadepiscine.fr\/wp-content\/uploads\/2023\/11\/presse-magazine.jpg 575w, https:\/\/aubadepiscine.fr\/wp-content\/uploads\/2023\/11\/presse-magazine-480x668.jpg 480w\" sizes=\"(min-width: 0px) and (max-width: 480px) 480px, (min-width: 481px) 575px, 100vw\" width=\"575\" height=\"800\" \/>\n                            \n                        <\/div>\n                    <\/a>\n                <\/div><div class=\"grid-item\">\n                    <a href=\"https:\/\/aubadepiscine.fr\/wp-content\/uploads\/2023\/12\/Article_Juillet-2004-ok-2.jpg\"  data-title=''  data-caption='' data-mfp-src=\"https:\/\/aubadepiscine.fr\/wp-content\/uploads\/2023\/12\/Article_Juillet-2004-ok-2.jpg\">\n                        <div class=\"et_pb_image_wrap\">\n                            <img loading=\"lazy\" decoding=\"async\" src=\"https:\/\/aubadepiscine.fr\/wp-content\/uploads\/2023\/12\/Article_Juillet-2004-ok-2.jpg\" title=\"\" alt=\"Article Technique piscine juillet 2004\" class=\"dsm-skip-lazyload\" srcset=\"https:\/\/aubadepiscine.fr\/wp-content\/uploads\/2023\/12\/Article_Juillet-2004-ok-2.jpg 598w, https:\/\/aubadepiscine.fr\/wp-content\/uploads\/2023\/12\/Article_Juillet-2004-ok-2-480x672.jpg 480w\" sizes=\"(min-width: 0px) and (max-width: 480px) 480px, (min-width: 481px) 598px, 100vw\" width=\"598\" height=\"837\" \/>\n                            \n                        <\/div>\n                    <\/a>\n                <\/div><div class=\"grid-item\">\n                    <a href=\"https:\/\/aubadepiscine.fr\/wp-content\/uploads\/2023\/11\/IMG_1511-1.jpg\"  data-title='IMG_1511 (1)'  data-caption='' data-mfp-src=\"https:\/\/aubadepiscine.fr\/wp-content\/uploads\/2023\/11\/IMG_1511-1.jpg\">\n                        <div class=\"et_pb_image_wrap\">\n                            <img loading=\"lazy\" decoding=\"async\" src=\"https:\/\/aubadepiscine.fr\/wp-content\/uploads\/2023\/11\/IMG_1511-1.jpg\" title=\"IMG_1511 (1)\" alt=\"Articles de presse piscine polyester !\" class=\"dsm-skip-lazyload\" srcset=\"https:\/\/aubadepiscine.fr\/wp-content\/uploads\/2023\/11\/IMG_1511-1.jpg 598w, https:\/\/aubadepiscine.fr\/wp-content\/uploads\/2023\/11\/IMG_1511-1-480x642.jpg 480w\" sizes=\"(min-width: 0px) and (max-width: 480px) 480px, (min-width: 481px) 598px, 100vw\" width=\"598\" height=\"800\" \/>\n                            \n                        <\/div>\n                    <\/a>\n                <\/div><div class=\"grid-item\">\n                    <a href=\"https:\/\/aubadepiscine.fr\/wp-content\/uploads\/2023\/11\/obad-coque-presse.jpg\"  data-title='obad-coque-presse'  data-caption='' data-mfp-src=\"https:\/\/aubadepiscine.fr\/wp-content\/uploads\/2023\/11\/obad-coque-presse.jpg\">\n                        <div class=\"et_pb_image_wrap\">\n                            <img loading=\"lazy\" decoding=\"async\" src=\"https:\/\/aubadepiscine.fr\/wp-content\/uploads\/2023\/11\/obad-coque-presse.jpg\" title=\"obad-coque-presse\" alt=\"Articles de presse piscine polyester !\" class=\"dsm-skip-lazyload\" srcset=\"https:\/\/aubadepiscine.fr\/wp-content\/uploads\/2023\/11\/obad-coque-presse.jpg 600w, https:\/\/aubadepiscine.fr\/wp-content\/uploads\/2023\/11\/obad-coque-presse-480x670.jpg 480w\" sizes=\"(min-width: 0px) and (max-width: 480px) 480px, (min-width: 481px) 600px, 100vw\" width=\"600\" height=\"837\" \/>\n                            \n                        <\/div>\n                    <\/a>\n                <\/div><div class=\"grid-item\">\n                    <a href=\"https:\/\/aubadepiscine.fr\/wp-content\/uploads\/2023\/11\/piscine-et-spas-mars-2021.jpg\"  data-title='piscine et spas mars 2021'  data-caption='' data-mfp-src=\"https:\/\/aubadepiscine.fr\/wp-content\/uploads\/2023\/11\/piscine-et-spas-mars-2021.jpg\">\n                        <div class=\"et_pb_image_wrap\">\n                            <img loading=\"lazy\" decoding=\"async\" src=\"https:\/\/aubadepiscine.fr\/wp-content\/uploads\/2023\/11\/piscine-et-spas-mars-2021.jpg\" title=\"piscine et spas mars 2021\" alt=\"Piscines et Spas Magazine\" class=\"dsm-skip-lazyload\" srcset=\"https:\/\/aubadepiscine.fr\/wp-content\/uploads\/2023\/11\/piscine-et-spas-mars-2021.jpg 592w, https:\/\/aubadepiscine.fr\/wp-content\/uploads\/2023\/11\/piscine-et-spas-mars-2021-480x593.jpg 480w\" sizes=\"(min-width: 0px) and (max-width: 480px) 480px, (min-width: 481px) 592px, 100vw\" width=\"592\" height=\"731\" \/>\n                            \n                        <\/div>\n                    <\/a>\n                <\/div><div class=\"grid-item\">\n                    <a href=\"https:\/\/aubadepiscine.fr\/wp-content\/uploads\/2023\/11\/univers-de-la-maison-aubadepiscine.jpg\"  data-title='univers-de-la-maison-aubadepiscine'  data-caption='' data-mfp-src=\"https:\/\/aubadepiscine.fr\/wp-content\/uploads\/2023\/11\/univers-de-la-maison-aubadepiscine.jpg\">\n                        <div class=\"et_pb_image_wrap\">\n                            <img loading=\"lazy\" decoding=\"async\" src=\"https:\/\/aubadepiscine.fr\/wp-content\/uploads\/2023\/11\/univers-de-la-maison-aubadepiscine.jpg\" title=\"univers-de-la-maison-aubadepiscine\" alt=\"Articles de presse piscine coque polyester !\" class=\"dsm-skip-lazyload\" srcset=\"https:\/\/aubadepiscine.fr\/wp-content\/uploads\/2023\/11\/univers-de-la-maison-aubadepiscine.jpg 900w, https:\/\/aubadepiscine.fr\/wp-content\/uploads\/2023\/11\/univers-de-la-maison-aubadepiscine-480x311.jpg 480w\" sizes=\"(min-width: 0px) and (max-width: 480px) 480px, (min-width: 481px) 900px, 100vw\" width=\"900\" height=\"584\" \/>\n                            \n                        <\/div>\n                    <\/a>\n                <\/div><div class=\"grid-item\">\n                    <a href=\"https:\/\/aubadepiscine.fr\/wp-content\/uploads\/2023\/12\/1572628431.jpg\"  data-title='Presse Piscine Coque polyester'  data-caption='' data-mfp-src=\"https:\/\/aubadepiscine.fr\/wp-content\/uploads\/2023\/12\/1572628431.jpg\">\n                        <div class=\"et_pb_image_wrap\">\n                            <img loading=\"lazy\" decoding=\"async\" src=\"https:\/\/aubadepiscine.fr\/wp-content\/uploads\/2023\/12\/1572628431.jpg\" title=\"Presse Piscine Coque polyester\" alt=\"Articles de presse piscine polyester !\" class=\"dsm-skip-lazyload\" srcset=\"https:\/\/aubadepiscine.fr\/wp-content\/uploads\/2023\/12\/1572628431.jpg 687w, https:\/\/aubadepiscine.fr\/wp-content\/uploads\/2023\/12\/1572628431-480x671.jpg 480w\" sizes=\"(min-width: 0px) and (max-width: 480px) 480px, (min-width: 481px) 687px, 100vw\" width=\"687\" height=\"960\" \/>\n                            \n                        <\/div>\n                    <\/a>\n                <\/div><div class=\"grid-item\">\n                    <a href=\"https:\/\/aubadepiscine.fr\/wp-content\/uploads\/2023\/11\/IMG_1514-1.jpg\"  data-title='IMG_1514 (1)'  data-caption='' data-mfp-src=\"https:\/\/aubadepiscine.fr\/wp-content\/uploads\/2023\/11\/IMG_1514-1.jpg\">\n                        <div class=\"et_pb_image_wrap\">\n                            <img loading=\"lazy\" decoding=\"async\" src=\"https:\/\/aubadepiscine.fr\/wp-content\/uploads\/2023\/11\/IMG_1514-1.jpg\" title=\"IMG_1514 (1)\" alt=\"Articles de presse piscine polyester !\" class=\"dsm-skip-lazyload\" srcset=\"https:\/\/aubadepiscine.fr\/wp-content\/uploads\/2023\/11\/IMG_1514-1.jpg 700w, https:\/\/aubadepiscine.fr\/wp-content\/uploads\/2023\/11\/IMG_1514-1-480x359.jpg 480w\" sizes=\"(min-width: 0px) and (max-width: 480px) 480px, (min-width: 481px) 700px, 100vw\" width=\"700\" height=\"523\" \/>\n                            \n                        <\/div>\n                    <\/a>\n                <\/div><div class=\"grid-item\">\n                    <a href=\"https:\/\/aubadepiscine.fr\/wp-content\/uploads\/2023\/11\/IMG_1510-1.jpg\"  data-title='IMG_1510 (1)'  data-caption='' data-mfp-src=\"https:\/\/aubadepiscine.fr\/wp-content\/uploads\/2023\/11\/IMG_1510-1.jpg\">\n                        <div class=\"et_pb_image_wrap\">\n                            <img loading=\"lazy\" decoding=\"async\" src=\"https:\/\/aubadepiscine.fr\/wp-content\/uploads\/2023\/11\/IMG_1510-1.jpg\" title=\"IMG_1510 (1)\" alt=\"\" class=\"dsm-skip-lazyload\" srcset=\"https:\/\/aubadepiscine.fr\/wp-content\/uploads\/2023\/11\/IMG_1510-1.jpg 900w, https:\/\/aubadepiscine.fr\/wp-content\/uploads\/2023\/11\/IMG_1510-1-480x358.jpg 480w\" sizes=\"(min-width: 0px) and (max-width: 480px) 480px, (min-width: 481px) 900px, 100vw\" width=\"900\" height=\"672\" \/>\n                            \n                        <\/div>\n                    <\/a>\n                <\/div>\n             <\/div>\n\t\t\t\t<\/div>\n\t\t\t<\/div><\/p>\n","protected":false},"author":1,"featured_media":1163,"parent":0,"menu_order":0,"comment_status":"closed","ping_status":"closed","template":"","meta":{"_et_pb_use_builder":"on","_et_pb_old_content":"","_et_gb_content_width":"","footnotes":""},"class_list":["post-45","page","type-page","status-publish","has-post-thumbnail","hentry"],"yoast_head":"<!-- This site is optimized with the Yoast SEO plugin v27.5 - https:\/\/yoast.com\/product\/yoast-seo-wordpress\/ -->\n<title>Articles de presse piscines polyester !<\/title>\n<meta name=\"description\" content=\"Articles de presse piscines polyester ! Aubade Piscine a permis de nombreux reportages sur ses piscines en coque polyester.\" \/>\n<meta name=\"robots\" content=\"index, follow, max-snippet:-1, max-image-preview:large, max-video-preview:-1\" \/>\n<link rel=\"canonical\" href=\"https:\/\/aubadepiscine.fr\/?page_id=45\" \/>\n<meta property=\"og:locale\" content=\"fr_FR\" \/>\n<meta property=\"og:type\" content=\"article\" \/>\n<meta property=\"og:title\" content=\"Articles de presse piscines polyester !\" \/>\n<meta property=\"og:description\" content=\"Articles de presse piscines polyester ! Aubade Piscine a permis de nombreux reportages sur ses piscines en coque polyester.\" \/>\n<meta property=\"og:url\" content=\"https:\/\/aubadepiscine.fr\/?page_id=45\" \/>\n<meta property=\"og:site_name\" content=\"aubadepiscine.fr\" \/>\n<meta property=\"article:publisher\" content=\"https:\/\/www.facebook.com\/aubadepiscine\" \/>\n<meta property=\"article:modified_time\" content=\"2025-12-19T07:44:17+00:00\" \/>\n<meta property=\"og:image\" content=\"https:\/\/aubadepiscine.fr\/wp-content\/uploads\/2025\/12\/Piscine-coque-Toulon-.jpeg\" \/>\n\t<meta property=\"og:image:width\" content=\"1920\" \/>\n\t<meta property=\"og:image:height\" content=\"1285\" \/>\n\t<meta property=\"og:image:type\" content=\"image\/jpeg\" \/>\n<meta name=\"twitter:card\" content=\"summary_large_image\" \/>\n<meta name=\"twitter:label1\" content=\"Dur\u00e9e de lecture estim\u00e9e\" \/>\n\t<meta name=\"twitter:data1\" content=\"3 minutes\" \/>\n<script type=\"application\/ld+json\" class=\"yoast-schema-graph\">{\"@context\":\"https:\\\/\\\/schema.org\",\"@graph\":[{\"@type\":\"WebPage\",\"@id\":\"https:\\\/\\\/aubadepiscine.fr\\\/?page_id=45\",\"url\":\"https:\\\/\\\/aubadepiscine.fr\\\/?page_id=45\",\"name\":\"Articles de presse piscines polyester !\",\"isPartOf\":{\"@id\":\"https:\\\/\\\/aubadepiscine.fr\\\/#website\"},\"primaryImageOfPage\":{\"@id\":\"https:\\\/\\\/aubadepiscine.fr\\\/?page_id=45#primaryimage\"},\"image\":{\"@id\":\"https:\\\/\\\/aubadepiscine.fr\\\/?page_id=45#primaryimage\"},\"thumbnailUrl\":\"https:\\\/\\\/aubadepiscine.fr\\\/wp-content\\\/uploads\\\/2025\\\/12\\\/Piscine-coque-Toulon-.jpeg\",\"datePublished\":\"2023-11-22T14:28:09+00:00\",\"dateModified\":\"2025-12-19T07:44:17+00:00\",\"description\":\"Articles de presse piscines polyester ! Aubade Piscine a permis de nombreux reportages sur ses piscines en coque polyester.\",\"breadcrumb\":{\"@id\":\"https:\\\/\\\/aubadepiscine.fr\\\/?page_id=45#breadcrumb\"},\"inLanguage\":\"fr-FR\",\"potentialAction\":[{\"@type\":\"ReadAction\",\"target\":[\"https:\\\/\\\/aubadepiscine.fr\\\/?page_id=45\"]}]},{\"@type\":\"ImageObject\",\"inLanguage\":\"fr-FR\",\"@id\":\"https:\\\/\\\/aubadepiscine.fr\\\/?page_id=45#primaryimage\",\"url\":\"https:\\\/\\\/aubadepiscine.fr\\\/wp-content\\\/uploads\\\/2025\\\/12\\\/Piscine-coque-Toulon-.jpeg\",\"contentUrl\":\"https:\\\/\\\/aubadepiscine.fr\\\/wp-content\\\/uploads\\\/2025\\\/12\\\/Piscine-coque-Toulon-.jpeg\",\"width\":1920,\"height\":1285,\"caption\":\"Piscine coque Toulon\"},{\"@type\":\"BreadcrumbList\",\"@id\":\"https:\\\/\\\/aubadepiscine.fr\\\/?page_id=45#breadcrumb\",\"itemListElement\":[{\"@type\":\"ListItem\",\"position\":1,\"name\":\"Accueil\",\"item\":\"https:\\\/\\\/aubadepiscine.fr\\\/\"},{\"@type\":\"ListItem\",\"position\":2,\"name\":\"Presse\"}]},{\"@type\":\"WebSite\",\"@id\":\"https:\\\/\\\/aubadepiscine.fr\\\/#website\",\"url\":\"https:\\\/\\\/aubadepiscine.fr\\\/\",\"name\":\"aubadepiscine.fr\",\"description\":\"Aubade piscine coque, Toulon et ses environs !\",\"publisher\":{\"@id\":\"https:\\\/\\\/aubadepiscine.fr\\\/#organization\"},\"potentialAction\":[{\"@type\":\"SearchAction\",\"target\":{\"@type\":\"EntryPoint\",\"urlTemplate\":\"https:\\\/\\\/aubadepiscine.fr\\\/?s={search_term_string}\"},\"query-input\":{\"@type\":\"PropertyValueSpecification\",\"valueRequired\":true,\"valueName\":\"search_term_string\"}}],\"inLanguage\":\"fr-FR\"},{\"@type\":\"Organization\",\"@id\":\"https:\\\/\\\/aubadepiscine.fr\\\/#organization\",\"name\":\"Aubade Piscine\",\"url\":\"https:\\\/\\\/aubadepiscine.fr\\\/\",\"logo\":{\"@type\":\"ImageObject\",\"inLanguage\":\"fr-FR\",\"@id\":\"https:\\\/\\\/aubadepiscine.fr\\\/#\\\/schema\\\/logo\\\/image\\\/\",\"url\":\"https:\\\/\\\/aubadepiscine.fr\\\/wp-content\\\/uploads\\\/2023\\\/11\\\/Logo-Aubade-petit.png\",\"contentUrl\":\"https:\\\/\\\/aubadepiscine.fr\\\/wp-content\\\/uploads\\\/2023\\\/11\\\/Logo-Aubade-petit.png\",\"width\":397,\"height\":120,\"caption\":\"Aubade Piscine\"},\"image\":{\"@id\":\"https:\\\/\\\/aubadepiscine.fr\\\/#\\\/schema\\\/logo\\\/image\\\/\"},\"sameAs\":[\"https:\\\/\\\/www.facebook.com\\\/aubadepiscine\"]}]}<\/script>\n<!-- \/ Yoast SEO plugin. -->","yoast_head_json":{"title":"Articles de presse piscines polyester !","description":"Articles de presse piscines polyester ! Aubade Piscine a permis de nombreux reportages sur ses piscines en coque polyester.","robots":{"index":"index","follow":"follow","max-snippet":"max-snippet:-1","max-image-preview":"max-image-preview:large","max-video-preview":"max-video-preview:-1"},"canonical":"https:\/\/aubadepiscine.fr\/?page_id=45","og_locale":"fr_FR","og_type":"article","og_title":"Articles de presse piscines polyester !","og_description":"Articles de presse piscines polyester ! Aubade Piscine a permis de nombreux reportages sur ses piscines en coque polyester.","og_url":"https:\/\/aubadepiscine.fr\/?page_id=45","og_site_name":"aubadepiscine.fr","article_publisher":"https:\/\/www.facebook.com\/aubadepiscine","article_modified_time":"2025-12-19T07:44:17+00:00","og_image":[{"width":1920,"height":1285,"url":"https:\/\/aubadepiscine.fr\/wp-content\/uploads\/2025\/12\/Piscine-coque-Toulon-.jpeg","type":"image\/jpeg"}],"twitter_card":"summary_large_image","twitter_misc":{"Dur\u00e9e de lecture estim\u00e9e":"3 minutes"},"schema":{"@context":"https:\/\/schema.org","@graph":[{"@type":"WebPage","@id":"https:\/\/aubadepiscine.fr\/?page_id=45","url":"https:\/\/aubadepiscine.fr\/?page_id=45","name":"Articles de presse piscines polyester !","isPartOf":{"@id":"https:\/\/aubadepiscine.fr\/#website"},"primaryImageOfPage":{"@id":"https:\/\/aubadepiscine.fr\/?page_id=45#primaryimage"},"image":{"@id":"https:\/\/aubadepiscine.fr\/?page_id=45#primaryimage"},"thumbnailUrl":"https:\/\/aubadepiscine.fr\/wp-content\/uploads\/2025\/12\/Piscine-coque-Toulon-.jpeg","datePublished":"2023-11-22T14:28:09+00:00","dateModified":"2025-12-19T07:44:17+00:00","description":"Articles de presse piscines polyester ! Aubade Piscine a permis de nombreux reportages sur ses piscines en coque polyester.","breadcrumb":{"@id":"https:\/\/aubadepiscine.fr\/?page_id=45#breadcrumb"},"inLanguage":"fr-FR","potentialAction":[{"@type":"ReadAction","target":["https:\/\/aubadepiscine.fr\/?page_id=45"]}]},{"@type":"ImageObject","inLanguage":"fr-FR","@id":"https:\/\/aubadepiscine.fr\/?page_id=45#primaryimage","url":"https:\/\/aubadepiscine.fr\/wp-content\/uploads\/2025\/12\/Piscine-coque-Toulon-.jpeg","contentUrl":"https:\/\/aubadepiscine.fr\/wp-content\/uploads\/2025\/12\/Piscine-coque-Toulon-.jpeg","width":1920,"height":1285,"caption":"Piscine coque Toulon"},{"@type":"BreadcrumbList","@id":"https:\/\/aubadepiscine.fr\/?page_id=45#breadcrumb","itemListElement":[{"@type":"ListItem","position":1,"name":"Accueil","item":"https:\/\/aubadepiscine.fr\/"},{"@type":"ListItem","position":2,"name":"Presse"}]},{"@type":"WebSite","@id":"https:\/\/aubadepiscine.fr\/#website","url":"https:\/\/aubadepiscine.fr\/","name":"aubadepiscine.fr","description":"Aubade piscine coque, Toulon et ses environs !","publisher":{"@id":"https:\/\/aubadepiscine.fr\/#organization"},"potentialAction":[{"@type":"SearchAction","target":{"@type":"EntryPoint","urlTemplate":"https:\/\/aubadepiscine.fr\/?s={search_term_string}"},"query-input":{"@type":"PropertyValueSpecification","valueRequired":true,"valueName":"search_term_string"}}],"inLanguage":"fr-FR"},{"@type":"Organization","@id":"https:\/\/aubadepiscine.fr\/#organization","name":"Aubade Piscine","url":"https:\/\/aubadepiscine.fr\/","logo":{"@type":"ImageObject","inLanguage":"fr-FR","@id":"https:\/\/aubadepiscine.fr\/#\/schema\/logo\/image\/","url":"https:\/\/aubadepiscine.fr\/wp-content\/uploads\/2023\/11\/Logo-Aubade-petit.png","contentUrl":"https:\/\/aubadepiscine.fr\/wp-content\/uploads\/2023\/11\/Logo-Aubade-petit.png","width":397,"height":120,"caption":"Aubade Piscine"},"image":{"@id":"https:\/\/aubadepiscine.fr\/#\/schema\/logo\/image\/"},"sameAs":["https:\/\/www.facebook.com\/aubadepiscine"]}]}},"_links":{"self":[{"href":"https:\/\/aubadepiscine.fr\/index.php?rest_route=\/wp\/v2\/pages\/45","targetHints":{"allow":["GET"]}}],"collection":[{"href":"https:\/\/aubadepiscine.fr\/index.php?rest_route=\/wp\/v2\/pages"}],"about":[{"href":"https:\/\/aubadepiscine.fr\/index.php?rest_route=\/wp\/v2\/types\/page"}],"author":[{"embeddable":true,"href":"https:\/\/aubadepiscine.fr\/index.php?rest_route=\/wp\/v2\/users\/1"}],"replies":[{"embeddable":true,"href":"https:\/\/aubadepiscine.fr\/index.php?rest_route=%2Fwp%2Fv2%2Fcomments&post=45"}],"version-history":[{"count":21,"href":"https:\/\/aubadepiscine.fr\/index.php?rest_route=\/wp\/v2\/pages\/45\/revisions"}],"predecessor-version":[{"id":1255,"href":"https:\/\/aubadepiscine.fr\/index.php?rest_route=\/wp\/v2\/pages\/45\/revisions\/1255"}],"wp:featuredmedia":[{"embeddable":true,"href":"https:\/\/aubadepiscine.fr\/index.php?rest_route=\/wp\/v2\/media\/1163"}],"wp:attachment":[{"href":"https:\/\/aubadepiscine.fr\/index.php?rest_route=%2Fwp%2Fv2%2Fmedia&parent=45"}],"curies":[{"name":"wp","href":"https:\/\/api.w.org\/{rel}","templated":true}]}}